{"id":12,"date":"2021-10-18T00:21:15","date_gmt":"2021-10-18T00:21:15","guid":{"rendered":"https:\/\/mitekvietnam.com.vn\/?page_id=12"},"modified":"2024-08-07T09:59:33","modified_gmt":"2024-08-07T09:59:33","slug":"job-commitment","status":"publish","type":"page","link":"https:\/\/mitekvietnam.com.vn\/vi\/job-commitment\/","title":{"rendered":"CAM K\u1ebeT C\u00d4NG VI\u1ec6C"},"content":{"rendered":"<div class=\"wp-block-columns   no-margin full-width is-layout-flex wp-container-core-columns-is-layout-9d6595d7 wp-block-columns-is-layout-flex\">\n<div class=\"wp-block-column  has-dark-blue-background-color has-background background-color-dark-blue is-layout-flow wp-block-column-is-layout-flow\">\n<div class=\"wp-block-columns is-layout-flex wp-container-core-columns-is-layout-9d6595d7 wp-block-columns-is-layout-flex\">\n<div class=\"wp-block-column   padded is-layout-flow wp-block-column-is-layout-flow\">\n<h2 class=\"wp-block-heading has-white-color has-text-color\"><meta charset=\"utf-8\">X\u00c2Y D\u1ef0NG\nC\u1ed8NG \u0110\u1ed2NG V\u00c0\nS\u1ef0 NGHI\u1ec6P<\/h2>\n<\/div>\n<\/div>\n<\/div>\n\n\n\n<div class=\"wp-block-column is-layout-flow wp-block-column-is-layout-flow\">\n<figure class=\"wp-block-image size-full\"><img loading=\"lazy\" decoding=\"async\" width=\"1024\" height=\"498\" src=\"https:\/\/mitekvietnam.com.vn\/wp-content\/uploads\/2023\/04\/20230413-banner-page-BUILDING-COMMUNITIES-AND-CAREERS-1024-x-498-px.png\" alt=\"\" class=\"wp-image-1220\" srcset=\"https:\/\/mitekvietnam.com.vn\/wp-content\/uploads\/2023\/04\/20230413-banner-page-BUILDING-COMMUNITIES-AND-CAREERS-1024-x-498-px.png 1024w, https:\/\/mitekvietnam.com.vn\/wp-content\/uploads\/2023\/04\/20230413-banner-page-BUILDING-COMMUNITIES-AND-CAREERS-1024-x-498-px.png?resize=300,146 300w, https:\/\/mitekvietnam.com.vn\/wp-content\/uploads\/2023\/04\/20230413-banner-page-BUILDING-COMMUNITIES-AND-CAREERS-1024-x-498-px.png?resize=768,374 768w, https:\/\/mitekvietnam.com.vn\/wp-content\/uploads\/2023\/04\/20230413-banner-page-BUILDING-COMMUNITIES-AND-CAREERS-1024-x-498-px.png?resize=18,9 18w\" sizes=\"auto, (max-width: 1024px) 100vw, 1024px\" \/><\/figure>\n<\/div>\n<\/div>\n\n\n\n<div class=\"wp-block-columns is-layout-flex wp-container-core-columns-is-layout-9d6595d7 wp-block-columns-is-layout-flex\">\n<div class=\"wp-block-column   padded is-layout-flow wp-block-column-is-layout-flow\" style=\"flex-basis:55%\">\n<h2 class=\"wp-block-heading\"><meta charset=\"utf-8\"><span class=\"has-inline-color has-dark-grey-color\">Cam K\u1ebft T\u1ea1i MiTek<\/span><\/h2>\n\n\n\n<p>Ch\u00fang t\u00f4i mang \u0111\u1ebfn m\u00f4i tr\u01b0\u1eddng l\u00e0m vi\u1ec7c an to\u00e0n v\u00e0 t\u00f4n tr\u1ecdng, t\u1ea1o \u0111i\u1ec1u ki\u1ec7n cho m\u1ecdi nh\u00e2n vi\u00ean th\u1ec3 hi\u1ec7n t\u00e0i n\u0103ng v\u00e0 th\u0103ng ti\u1ebfn l\u00ean c\u00e1c c\u1ea5p qu\u1ea3n l\u00fd cao h\u01a1n. Ngo\u00e0i ra, MiTek c\u00f2n \u0111\u00f3ng g\u00f3p cho c\u1ed9ng \u0111\u1ed3ng \u0111\u1ecba ph\u01b0\u01a1ng th\u00f4ng qua c\u00e1c s\u00e1ng ki\u1ebfn b\u1ec1n v\u1eefng k\u1ebft h\u1ee3p v\u1edbi nhi\u1ec1u t\u1ed5 ch\u1ee9c x\u00e3 h\u1ed9i tr\u00ean c\u1ea3 n\u01b0\u1edbc.<br><\/p>\n\n\n\n<p>Quy tr\u00ecnh tuy\u1ec3n d\u1ee5ng v\u00e0 l\u1ef1a ch\u1ecdn \u1ee9ng vi\u00ean c\u1ee7a ch\u00fang t\u00f4i \u0111\u1ea3m b\u1ea3o s\u1ef1 c\u00f4ng b\u1eb1ng v\u00e0 b\u00ecnh \u0111\u1eb3ng. T\u1ea5t c\u1ea3 \u1ee9ng vi\u00ean \u0111\u1ec1u tr\u1ea3i qua c\u00e1c v\u00f2ng ph\u1ecfng v\u1ea5n gi\u1ed1ng nhau \u0111\u1ec3 \u0111\u1ea3m b\u1ea3o kh\u00f4ng ai nh\u1eadn \u0111\u01b0\u1ee3c s\u1ef1 \u01b0u \u00e1i kh\u00f4ng c\u1ea7n thi\u1ebft.<\/p>\n\n\n\n<div class=\"wp-block-columns no-stack-mobile is-layout-flex wp-container-core-columns-is-layout-9d6595d7 wp-block-columns-is-layout-flex\">\n<div class=\"wp-block-column is-layout-flow wp-block-column-is-layout-flow\">\n<figure class=\"wp-block-image size-full\"><img loading=\"lazy\" decoding=\"async\" width=\"932\" height=\"932\" src=\"https:\/\/mitekvietnam.com.vn\/wp-content\/uploads\/2021\/10\/commitment1.jpg\" alt=\"\" class=\"wp-image-37\" srcset=\"https:\/\/mitekvietnam.com.vn\/wp-content\/uploads\/2021\/10\/commitment1.jpg 932w, https:\/\/mitekvietnam.com.vn\/wp-content\/uploads\/2021\/10\/commitment1.jpg?resize=150,150 150w, https:\/\/mitekvietnam.com.vn\/wp-content\/uploads\/2021\/10\/commitment1.jpg?resize=300,300 300w, https:\/\/mitekvietnam.com.vn\/wp-content\/uploads\/2021\/10\/commitment1.jpg?resize=768,768 768w, https:\/\/mitekvietnam.com.vn\/wp-content\/uploads\/2021\/10\/commitment1.jpg?resize=12,12 12w\" sizes=\"auto, (max-width: 932px) 100vw, 932px\" \/><figcaption class=\"wp-element-caption\">Gi\u00e1o d\u1ee5c \u0111\u1ed5i m\u1edbi<\/figcaption><\/figure>\n<\/div>\n\n\n\n<div class=\"wp-block-column is-layout-flow wp-block-column-is-layout-flow\">\n<figure class=\"wp-block-image size-large\"><img loading=\"lazy\" decoding=\"async\" width=\"1024\" height=\"1024\" src=\"http:\/\/mitekvietnam.com.vn\/wp-content\/uploads\/2021\/11\/miteks-commitment-shelter-humanity-graphic-1024x1024-1.jpg?w=1024\" alt=\"\" class=\"wp-image-471\" srcset=\"https:\/\/mitekvietnam.com.vn\/wp-content\/uploads\/2021\/11\/miteks-commitment-shelter-humanity-graphic-1024x1024-1.jpg 1024w, https:\/\/mitekvietnam.com.vn\/wp-content\/uploads\/2021\/11\/miteks-commitment-shelter-humanity-graphic-1024x1024-1.jpg?resize=150,150 150w, https:\/\/mitekvietnam.com.vn\/wp-content\/uploads\/2021\/11\/miteks-commitment-shelter-humanity-graphic-1024x1024-1.jpg?resize=300,300 300w, https:\/\/mitekvietnam.com.vn\/wp-content\/uploads\/2021\/11\/miteks-commitment-shelter-humanity-graphic-1024x1024-1.jpg?resize=768,768 768w, https:\/\/mitekvietnam.com.vn\/wp-content\/uploads\/2021\/11\/miteks-commitment-shelter-humanity-graphic-1024x1024-1.jpg?resize=12,12 12w\" sizes=\"auto, (max-width: 1024px) 100vw, 1024px\" \/><figcaption class=\"wp-element-caption\">An sinh x\u00e3 h\u1ed9i<\/figcaption><\/figure>\n<\/div>\n\n\n\n<div class=\"wp-block-column is-layout-flow wp-block-column-is-layout-flow\">\n<figure class=\"wp-block-image size-large\"><img loading=\"lazy\" decoding=\"async\" width=\"932\" height=\"932\" src=\"http:\/\/mitekvietnam.com.vn\/wp-content\/uploads\/2021\/10\/commiment2.jpg?w=932\" alt=\"\" class=\"wp-image-38\" srcset=\"https:\/\/mitekvietnam.com.vn\/wp-content\/uploads\/2021\/10\/commiment2.jpg 932w, https:\/\/mitekvietnam.com.vn\/wp-content\/uploads\/2021\/10\/commiment2.jpg?resize=150,150 150w, https:\/\/mitekvietnam.com.vn\/wp-content\/uploads\/2021\/10\/commiment2.jpg?resize=300,300 300w, https:\/\/mitekvietnam.com.vn\/wp-content\/uploads\/2021\/10\/commiment2.jpg?resize=768,768 768w, https:\/\/mitekvietnam.com.vn\/wp-content\/uploads\/2021\/10\/commiment2.jpg?resize=12,12 12w\" sizes=\"auto, (max-width: 932px) 100vw, 932px\" \/><figcaption class=\"wp-element-caption\">B\u1ea3o v\u1ec7 m\u00f4i tr\u01b0\u1eddng<\/figcaption><\/figure>\n<\/div>\n<\/div>\n<\/div>\n\n\n\n<div class=\"wp-block-column   has-grey-background-color has-background background-color-grey padded is-layout-flow wp-block-column-is-layout-flow\" style=\"flex-basis:56.5%\">\n<h2 class=\"wp-block-heading has-dark-grey-color has-text-color\">Ti\u1ec1n l\u01b0\u01a1ng v\u00e0 Ph\u00fac l\u1ee3i:<\/h2>\n\n\n\n<ul class=\"wp-block-list\">\n<li><strong><span class=\"has-inline-color has-black-color\">M\u1ee9c l\u01b0\u01a1ng c\u1ef1c k\u1ef3 c\u1ea1nh tranh<\/span><\/strong><\/li>\n\n\n\n<li><strong><span class=\"has-inline-color has-black-color\">Th\u01b0\u1edfng th\u00e1ng th\u1ee9 13 &amp; hi\u1ec7u su\u1ea5t<\/span><\/strong><\/li>\n\n\n\n<li><strong><span class=\"has-inline-color has-black-color\">\u0110\u00e1nh gi\u00e1 t\u0103ng l\u01b0\u01a1ng h\u1eb1ng n\u0103m<\/span><\/strong><\/li>\n\n\n\n<li><strong><span class=\"has-inline-color has-black-color\">G\u00f3i b\u1ea3o hi\u1ec3m ch\u0103m s\u00f3c s\u1ee9c kh\u1ecfe<\/span><\/strong><\/li>\n\n\n\n<li><strong><span class=\"has-inline-color has-black-color\">B\u1ea3o hi\u1ec3m tai n\u1ea1n 24\/24<\/span><\/strong><\/li>\n\n\n\n<li><strong><span class=\"has-inline-color has-black-color\">M\u00f4i tr\u01b0\u1eddng v\u0103n ph\u00f2ng hi\u1ec7n \u0111\u1ea1i<\/span><\/strong><\/li>\n\n\n\n<li><strong><span class=\"has-inline-color has-black-color\">Du l\u1ecbch h\u1eb1ng n\u0103m<\/span><\/strong><\/li>\n\n\n\n<li><strong><span class=\"has-inline-color has-black-color\">\u0110\u01b0\u1ee3c h\u01b0\u1edbng d\u1eabn v\u00e0 \u0111\u00e0o t\u1ea1o l\u00e0m quen c\u00f4ng vi\u1ec7c m\u1ed9t c\u00e1ch chi ti\u1ebft v\u00e0 kh\u00f4ng ng\u1eebng ph\u00e1t tri\u1ec3n ngh\u1ec1 nghi\u1ec7p<\/span><\/strong><\/li>\n\n\n\n<li><strong><span class=\"has-inline-color has-black-color\">C\u01a1 h\u1ed9i \u0111\u01b0\u1ee3c \u0111\u00e0o t\u1ea1o v\u00e0 du l\u1ecbch n\u01b0\u1edbc ngo\u00e0i<\/span><\/strong><\/li>\n\n\n\n<li><strong><span class=\"has-inline-color has-black-color\">C\u00e1c ch\u01b0\u01a1ng tr\u00ecnh \u0111\u00e0o t\u1ea1o ti\u1ebfng Anh<\/span><\/strong><\/li>\n\n\n\n<li><strong><span class=\"has-inline-color has-black-color\">L\u00e0m vi\u1ec7c 5 ng\u00e0y m\u1ed9t tu\u1ea7n<\/span><\/strong><\/li>\n\n\n\n<li><strong><span class=\"has-inline-color has-black-color\">Th\u1eddi gian b\u1eaft \u0111\u1ea7u gi\u1edd l\u00e0m vi\u1ec7c linh ho\u1ea1t<\/span><\/strong><\/li>\n\n\n\n<li><strong><span class=\"has-inline-color has-black-color\">B\u1eefa tr\u01b0a mi\u1ec5n ph\u00ed<\/span>, <span class=\"has-inline-color has-black-color\">B\u00e3i \u0111\u1eadu xe mi\u1ec5n ph\u00ed<\/span><\/strong><\/li>\n\n\n\n<li><strong><span class=\"has-inline-color has-black-color\">C\u00e2u l\u1ea1c b\u1ed9 th\u1ec3 thao, Gym, Zumba, Yoga, B\u00f3ng \u0110\u00e1, C\u1ea7u L\u00f4ng, B\u01a1i l\u1ed9i<\/span><\/strong><\/li>\n<\/ul>\n<\/div>\n<\/div>\n\n\n\n<div class=\"block block--spacer block--white block--spacer--size--30\"><\/div>\n\n\n\n<div class=\"wp-block-columns no-margin is-layout-flex wp-container-core-columns-is-layout-9d6595d7 wp-block-columns-is-layout-flex\">\n<div class=\"wp-block-column  has-dark-blue-background-color has-background background-color-dark-blue is-layout-flow wp-block-column-is-layout-flow\"><div class=\"wp-block-image\">\n<figure class=\"aligncenter size-large is-resized\"><img loading=\"lazy\" decoding=\"async\" height=\"805\" width=\"1024\" src=\"https:\/\/mitekvietnam.com.vn\/wp-content\/uploads\/2022\/02\/MiTek-Office-01-Day-High-Res.jpg.jpg?w=1024\" alt=\"\" class=\"wp-image-1062\" style=\"aspect-ratio:1.2720848056537102;width:916px;height:auto\" srcset=\"https:\/\/mitekvietnam.com.vn\/wp-content\/uploads\/2022\/02\/MiTek-Office-01-Day-High-Res.jpg.jpg 5292w, https:\/\/mitekvietnam.com.vn\/wp-content\/uploads\/2022\/02\/MiTek-Office-01-Day-High-Res.jpg.jpg?resize=300,236 300w, https:\/\/mitekvietnam.com.vn\/wp-content\/uploads\/2022\/02\/MiTek-Office-01-Day-High-Res.jpg.jpg?resize=768,604 768w, https:\/\/mitekvietnam.com.vn\/wp-content\/uploads\/2022\/02\/MiTek-Office-01-Day-High-Res.jpg.jpg?resize=1024,805 1024w, https:\/\/mitekvietnam.com.vn\/wp-content\/uploads\/2022\/02\/MiTek-Office-01-Day-High-Res.jpg.jpg?resize=1536,1207 1536w, https:\/\/mitekvietnam.com.vn\/wp-content\/uploads\/2022\/02\/MiTek-Office-01-Day-High-Res.jpg.jpg?resize=2048,1610 2048w, https:\/\/mitekvietnam.com.vn\/wp-content\/uploads\/2022\/02\/MiTek-Office-01-Day-High-Res.jpg.jpg?resize=15,12 15w\" sizes=\"auto, (max-width: 1024px) 100vw, 1024px\" \/><\/figure><\/div>\n\n\n<div class=\"wp-block-columns is-layout-flex wp-container-core-columns-is-layout-9d6595d7 wp-block-columns-is-layout-flex\">\n<div class=\"wp-block-column   padded is-layout-flow wp-block-column-is-layout-flow\">\n<h2 class=\"wp-block-heading has-white-color has-text-color has-huge-font-size\">V\u0103n ph\u00f2ng 1 \u2013 2017                    <\/h2>\n\n\n\n<p class=\"has-white-color has-text-color\">T\u1ecda l\u1ea1c t\u1ea1i khu \u0111\u1ea5t r\u1ed9ng r\u00e3i c\u1ee7a Khu ch\u1ebf xu\u1ea5t T\u00e2n Thu\u1eadn, Qu\u1eadn 7, v\u0103n ph\u00f2ng MiTek c\u00f3 khu\u00f4n vi\u00ean hi\u1ec7n \u0111\u1ea1i, t\u00e2n ti\u1ebfn v\u00e0 g\u1ea7n g\u0169i v\u1edbi thi\u00ean nhi\u00ean. V\u1edbi di\u1ec7n t\u00edch r\u1ed9ng 10,000m2, s\u1ee9c ch\u1ee9a h\u01a1n 1,000 nh\u00e2n vi\u00ean, v\u00e0 h\u1ec7 th\u1ed1ng c\u01a1 s\u1edf v\u1eadt ch\u1ea5t khang trang, \u0111a d\u1ea1ng ch\u1eafc ch\u1eafn s\u1ebd mang l\u1ea1i nhi\u1ec1u ni\u1ec1m vui cho to\u00e0n th\u1ec3 nh\u00e2n vi\u00ean c\u1ea3 trong c\u00f4ng vi\u1ec7c v\u00e0 \u0111\u1eddi s\u1ed1ng x\u00e3 h\u1ed9i.<\/p>\n<\/div>\n<\/div>\n<\/div>\n\n\n\n<div class=\"wp-block-column  has-light-blue-background-color has-background background-color-light-blue is-layout-flow wp-block-column-is-layout-flow\">\n<figure class=\"wp-block-image size-full is-resized\"><img loading=\"lazy\" decoding=\"async\" width=\"9248\" height=\"6936\" src=\"https:\/\/mitekvietnam.com.vn\/wp-content\/uploads\/2024\/08\/20240314_133508_9316f2.jpg\" alt=\"\" class=\"wp-image-1348\" style=\"width:957px;height:auto\" srcset=\"https:\/\/mitekvietnam.com.vn\/wp-content\/uploads\/2024\/08\/20240314_133508_9316f2.jpg 9248w, https:\/\/mitekvietnam.com.vn\/wp-content\/uploads\/2024\/08\/20240314_133508_9316f2.jpg?resize=300,225 300w, https:\/\/mitekvietnam.com.vn\/wp-content\/uploads\/2024\/08\/20240314_133508_9316f2.jpg?resize=768,576 768w, https:\/\/mitekvietnam.com.vn\/wp-content\/uploads\/2024\/08\/20240314_133508_9316f2.jpg?resize=1024,768 1024w, https:\/\/mitekvietnam.com.vn\/wp-content\/uploads\/2024\/08\/20240314_133508_9316f2.jpg?resize=1536,1152 1536w, https:\/\/mitekvietnam.com.vn\/wp-content\/uploads\/2024\/08\/20240314_133508_9316f2.jpg?resize=2048,1536 2048w, https:\/\/mitekvietnam.com.vn\/wp-content\/uploads\/2024\/08\/20240314_133508_9316f2.jpg?resize=16,12 16w\" sizes=\"auto, (max-width: 9248px) 100vw, 9248px\" \/><\/figure>\n\n\n\n<div class=\"wp-block-columns is-layout-flex wp-container-core-columns-is-layout-9d6595d7 wp-block-columns-is-layout-flex\">\n<div class=\"wp-block-column   padded is-layout-flow wp-block-column-is-layout-flow\">\n<h2 class=\"wp-block-heading has-white-color has-text-color has-huge-font-size\">Tr\u1ee5 s\u1edf Kh\u1ed1i D\u1ecbch v\u1ee5 To\u00e0n c\u1ea7u MiTek - 2024<\/h2>\n\n\n\n<p class=\"has-white-color has-text-color\">\u0110\u01b0\u1ee3c kh\u1edfi c\u00f4ng x\u00e2y d\u1ef1ng v\u00e0o n\u0103m 2022, Tr\u1ee5 s\u1edf m\u1edbi c\u1ee7a Kh\u1ed1i D\u1ecbch v\u1ee5 To\u00e0n c\u1ea7u MiTek l\u00e0 bi\u1ec3u t\u01b0\u1ee3ng c\u1ee7a s\u1ef1 \u0111\u1ed5i m\u1edbi v\u00e0 s\u00e1ng t\u1ea1o. \u0110\u00e2y l\u00e0 k\u1ebft qu\u1ea3 c\u1ee7a s\u1ef1 ph\u00e1t tri\u1ec3n li\u00ean t\u1ee5c trong h\u01a1n th\u1eadp k\u1ef7 qua, Tr\u1ee5 s\u1edf MiTek Services r\u1ed9ng 12.534 m\u00e9t vu\u00f4ng, v\u1edbi g\u1ea7n 1.500 kh\u00f4ng gian l\u00e0m vi\u1ec7c. V\u0103n ph\u00f2ng n\u00e0y hi\u1ec7n l\u00e0 n\u01a1i l\u00e0m vi\u1ec7c c\u1ee7a h\u01a1n 2.700 nh\u00e2n vi\u00ean.<\/p>\n<\/div>\n<\/div>\n<\/div>\n<\/div>\n\n\n\n<div class=\"wp-block-columns no-margin is-layout-flex wp-container-core-columns-is-layout-9d6595d7 wp-block-columns-is-layout-flex\">\n<div class=\"wp-block-column   padded is-layout-flow wp-block-column-is-layout-flow\" style=\"flex-basis:50%\">\n<h2 class=\"wp-block-heading has-dark-grey-color has-text-color\">Social Club<\/h2>\n\n\n\n<p>Social Club (SC) \u0111\u01b0\u1ee3c th\u00e0nh l\u1eadp v\u00e0 duy tr\u00ec v\u1edbi m\u1ee5c ti\u00eau tr\u1edf th\u00e0nh n\u01a1i nh\u00e2n vi\u00ean c\u00f3 th\u1ec3 t\u1ef1 do b\u00e0y t\u1ecf s\u1edf th\u00edch v\u00e0 ni\u1ec1m vui c\u1ee7a m\u00ecnh, lu\u00f4n b\u00ean c\u1ea1nh \u0111\u1ec3 chia s\u1ebb khi h\u1ecd  g\u1eb7p kh\u00f3 kh\u0103n v\u00e0 m\u1ea5t m\u00e1t trong cu\u1ed9c s\u1ed1ng. SC mong mu\u1ed1n t\u1ed5 ch\u1ee9c c\u00e1c s\u1ef1 ki\u1ec7n v\u00e0 c\u00e2u l\u1ea1c b\u1ed9 nh\u1eb1m t\u1ea1o ra m\u00f4i tr\u01b0\u1eddng giao l\u01b0u, th\u00e2n thi\u1ec7n v\u00e0 th\u00fa v\u1ecb cho c\u00e1c th\u00e0nh vi\u00ean c\u00f4ng ty. Bao g\u1ed3m c\u00e1c ho\u1ea1t \u0111\u1ed9ng sau:<\/p>\n\n\n\n<p><strong>Chia s\u1ebb v\u00e0 h\u1ed7 tr\u1ee3<\/strong><\/p>\n\n\n\n<ul class=\"wp-block-list\">\n<li>Qu\u00e0 t\u1eb7ng sinh nh\u1eadt, ng\u00e0y d\u00e0nh cho Ph\u1ee5 n\u1eef, k\u1ebft h\u00f4n\/ sinh con, \u1ed1m \u0111au, m\u1ea5t m\u00e1t<\/li>\n\n\n\n<li>C\u00e1c c\u00e2u l\u1ea1c b\u1ed9: B\u00f3ng \u0111\u00e1, C\u1ea7u l\u00f4ng, B\u01a1i l\u1ed9i, nh\u1ea3y Zumba, Yoga v\u00e0 c\u00e1c ho\u1ea1t \u0111\u1ed9ng tranh c\u00fap th\u1ec3 thao th\u01b0\u1eddng ni\u00ean<\/li>\n<\/ul>\n\n\n\n<p><strong>C\u00e1c s\u1ef1 ki\u1ec7n t\u1eadp th\u1ec3<\/strong><\/p>\n\n\n\n<ul class=\"wp-block-list\">\n<li>Du l\u1ecbch th\u01b0\u1eddng ni\u00ean c\u00f9ng c\u00f4ng ty<\/li>\n\n\n\n<li>C\u00e1c bu\u1ed5i ti\u1ec7c li\u00ean hoan cu\u1ed1i n\u0103m v\u00e0 ho\u1ea1t \u0111\u1ed9ng nh\u00f3m<\/li>\n\n\n\n<li>Ti\u1ec7c gi\u00e1ng sinh v\u00e0 c\u00e1c ch\u01b0\u01a1ng tr\u00ecnh t\u00e0i n\u0103ng<\/li>\n\n\n\n<li>C\u00e1c chuy\u1ebfn \u0111i t\u1eeb thi\u1ec7n v\u00e0 hi\u1ebfn m\u00e1u nh\u00e2n \u0111\u1ea1o<\/li>\n<\/ul>\n<\/div>\n\n\n\n<div class=\"wp-block-column   padded is-layout-flow wp-block-column-is-layout-flow\" style=\"flex-basis:50%\">\n<figure class=\"wp-block-gallery has-nested-images columns-default is-cropped wp-block-gallery-1 is-layout-flex wp-block-gallery-is-layout-flex\">\n<figure class=\"wp-block-image size-large\"><img loading=\"lazy\" decoding=\"async\" width=\"600\" height=\"600\" data-id=\"169\" src=\"http:\/\/mitekvietnam.com.vn\/wp-content\/uploads\/2021\/10\/5-1.jpg?w=600\" alt=\"\" class=\"lazyload wp-image-169\" srcset=\"https:\/\/mitekvietnam.com.vn\/wp-content\/uploads\/2021\/10\/5-1.jpg 600w, https:\/\/mitekvietnam.com.vn\/wp-content\/uploads\/2021\/10\/5-1.jpg?resize=150,150 150w, https:\/\/mitekvietnam.com.vn\/wp-content\/uploads\/2021\/10\/5-1.jpg?resize=300,300 300w, https:\/\/mitekvietnam.com.vn\/wp-content\/uploads\/2021\/10\/5-1.jpg?resize=12,12 12w\" sizes=\"auto, (max-width: 600px) 100vw, 600px\" \/><figcaption class=\"wp-element-caption\">Team members play a friendly game of Handball<\/figcaption><\/figure>\n\n\n\n<figure class=\"wp-block-image size-large\"><img loading=\"lazy\" decoding=\"async\" width=\"582\" height=\"582\" data-id=\"870\" src=\"https:\/\/mitekvietnam.com.vn\/wp-content\/uploads\/2021\/11\/people_tower.jpg\" alt=\"\" class=\"lazyload wp-image-870\" srcset=\"https:\/\/mitekvietnam.com.vn\/wp-content\/uploads\/2021\/11\/people_tower.jpg 582w, https:\/\/mitekvietnam.com.vn\/wp-content\/uploads\/2021\/11\/people_tower.jpg?resize=150,150 150w, https:\/\/mitekvietnam.com.vn\/wp-content\/uploads\/2021\/11\/people_tower.jpg?resize=300,300 300w, https:\/\/mitekvietnam.com.vn\/wp-content\/uploads\/2021\/11\/people_tower.jpg?resize=12,12 12w\" sizes=\"auto, (max-width: 582px) 100vw, 582px\" \/><figcaption class=\"wp-element-caption\">Social Club Talent Show<\/figcaption><\/figure>\n\n\n\n<figure class=\"wp-block-image size-large\"><img loading=\"lazy\" decoding=\"async\" height=\"576\" width=\"1024\" data-id=\"1349\" src=\"https:\/\/mitekvietnam.com.vn\/wp-content\/uploads\/2024\/08\/cc60fbb754917968e9ae54ae30a78539.jpeg?w=1024\" alt=\"\" class=\"lazyload wp-image-1349\" srcset=\"https:\/\/mitekvietnam.com.vn\/wp-content\/uploads\/2024\/08\/cc60fbb754917968e9ae54ae30a78539.jpeg 2568w, https:\/\/mitekvietnam.com.vn\/wp-content\/uploads\/2024\/08\/cc60fbb754917968e9ae54ae30a78539.jpeg?resize=300,169 300w, https:\/\/mitekvietnam.com.vn\/wp-content\/uploads\/2024\/08\/cc60fbb754917968e9ae54ae30a78539.jpeg?resize=768,432 768w, https:\/\/mitekvietnam.com.vn\/wp-content\/uploads\/2024\/08\/cc60fbb754917968e9ae54ae30a78539.jpeg?resize=1024,576 1024w, https:\/\/mitekvietnam.com.vn\/wp-content\/uploads\/2024\/08\/cc60fbb754917968e9ae54ae30a78539.jpeg?resize=1536,864 1536w, https:\/\/mitekvietnam.com.vn\/wp-content\/uploads\/2024\/08\/cc60fbb754917968e9ae54ae30a78539.jpeg?resize=2048,1152 2048w, https:\/\/mitekvietnam.com.vn\/wp-content\/uploads\/2024\/08\/cc60fbb754917968e9ae54ae30a78539.jpeg?resize=18,10 18w\" sizes=\"auto, (max-width: 1024px) 100vw, 1024px\" \/><figcaption class=\"wp-element-caption\">Bike Tour for leaders<\/figcaption><\/figure>\n<\/figure>\n<\/div>\n<\/div>\n\n\n\n<div class=\"wp-block-cover   full-width padded\"><span aria-hidden=\"true\" class=\"wp-block-cover__background has-background-dim-70 has-background-dim\"><\/span><img loading=\"lazy\" decoding=\"async\" width=\"1440\" height=\"392\" class=\"wp-block-cover__image-background wp-image-140\" alt=\"\" src=\"http:\/\/mitekvietnam.com.vn\/wp-content\/uploads\/2021\/10\/0db708eeba3a4964102b-1.jpg\" style=\"object-position:54% 25%\" data-object-fit=\"cover\" data-object-position=\"54% 25%\" srcset=\"https:\/\/mitekvietnam.com.vn\/wp-content\/uploads\/2021\/10\/0db708eeba3a4964102b-1.jpg 1440w, https:\/\/mitekvietnam.com.vn\/wp-content\/uploads\/2021\/10\/0db708eeba3a4964102b-1.jpg?resize=300,82 300w, https:\/\/mitekvietnam.com.vn\/wp-content\/uploads\/2021\/10\/0db708eeba3a4964102b-1.jpg?resize=768,209 768w, https:\/\/mitekvietnam.com.vn\/wp-content\/uploads\/2021\/10\/0db708eeba3a4964102b-1.jpg?resize=1024,279 1024w, https:\/\/mitekvietnam.com.vn\/wp-content\/uploads\/2021\/10\/0db708eeba3a4964102b-1.jpg?resize=18,5 18w\" sizes=\"auto, (max-width: 1440px) 100vw, 1440px\" \/><div class=\"wp-block-cover__inner-container is-layout-flow wp-block-cover-is-layout-flow\">\n<h2 class=\"wp-block-heading has-text-align-left\">Ch\u00fang t\u00f4i h\u1ea1nh ph\u00fac khi \u0111\u1ea7u t\u01b0 v\u00e0o \u0111\u00e0o t\u1ea1o v\u00e0 gi\u00e1o d\u1ee5c<\/h2>\n\n\n\n<p class=\"has-text-align-left\">Ch\u00fang t\u00f4i x\u00e2y d\u1ef1ng m\u1ed9t m\u00f4i tr\u01b0\u1eddng v\u0103n h\u00f3a \u0111\u1ea7y c\u1ea3m h\u1ee9ng nh\u1eb1m th\u00fac \u0111\u1ea9y m\u1ed1i quan h\u1ec7 h\u1ed7 tr\u1ee3, khuy\u1ebfn kh\u00edch \u0111\u1ed3ng \u0111\u1ed9i ph\u00e1t tri\u1ec3n con \u0111\u01b0\u1eddng s\u1ef1 nghi\u1ec7p c\u1ee7a m\u00ecnh v\u00e0 t\u00f4n vinh s\u1ef1 tham gia c\u1ee7a c\u1ed9ng \u0111\u1ed3ng. MiTek t\u1eadp trung v\u00e0o:<\/p>\n\n\n\n<ul class=\"wp-block-list\">\n<li>Cung c\u1ea5p k\u1ef9 thu\u1eadt chuy\u00ean m\u00f4n v\u00e0 d\u1ecbch v\u1ee5 t\u1ed1t nh\u1ea5t cho kh\u00e1ch h\u00e0ng.<\/li>\n\n\n\n<li>Cung c\u1ea5p m\u00f4i tr\u01b0\u1eddng l\u00e0m vi\u1ec7c hi\u1ec7n \u0111\u1ea1i nh\u1ea5t v\u00e0 v\u0103n h\u00f3a h\u1ecdc h\u1ecfi \u0111\u1ec3 ph\u00e1t huy nh\u1eefng g\u00ec t\u1ed1t nh\u1ea5t.<\/li>\n<\/ul>\n\n\n\n<div class=\"block block--spacer block--white block--spacer--size--20\"><\/div>\n\n\n            <div class=\"button-wrapper flex-middle\">\n            <a class=\"btn\" href=\"https:\/\/mii.wd5.myworkdayjobs.com\/MiTekVietnam\" >\n                <span>C\u00d4NG VI\u1ec6C HI\u1ec6N C\u00d3<\/span>\n            <\/a>\n        <\/div>\n    \n\n\n<div class=\"wp-block-buttons is-horizontal is-content-justification-left is-layout-flex wp-container-core-buttons-is-layout-7e5fce0a wp-block-buttons-is-layout-flex\"><\/div>\n<\/div><\/div>\n\n\n\n<p><\/p>","protected":false},"excerpt":{"rendered":"<p>BUILDING COMMUNITIES AND CAREERS Our Commitments We provide a safe and respectful work environment, offering every employee the chance to showcase their talents and advance to higher management levels. At MiTek, our employees can work towards a prosperous life and a respected social standing. Additionally, MiTek contributes to the local community by creating hundreds of [&hellip;]<\/p>","protected":false},"author":6,"featured_media":0,"parent":0,"menu_order":0,"comment_status":"closed","ping_status":"closed","template":"","meta":{"_acf_changed":false,"footnotes":""},"class_list":["post-12","page","type-page","status-publish","hentry"],"acf":[],"parsely":{"version":"1.1.0","canonical_url":"https:\/\/mitekvietnam.com.vn\/vi\/job-commitment\/","smart_links":{"inbound":0,"outbound":0},"traffic_boost_suggestions_count":0,"meta":{"@context":"https:\/\/schema.org","@type":"WebPage","headline":"Job commitment","url":"http:\/\/mitekvietnam.com.vn\/vi\/job-commitment\/","mainEntityOfPage":{"@type":"WebPage","@id":"http:\/\/mitekvietnam.com.vn\/vi\/job-commitment\/"},"thumbnailUrl":"","image":{"@type":"ImageObject","url":""},"articleSection":"Uncategorized","author":[{"@type":"Person","name":"David Cashin"}],"creator":["David Cashin"],"publisher":{"@type":"Organization","name":"MiTek Vietnam","logo":"https:\/\/mitekvietnam.com.vn\/wp-content\/uploads\/2023\/04\/cropped-favicon.webp"},"keywords":[],"dateCreated":"2021-10-18T00:21:15Z","datePublished":"2021-10-18T00:21:15Z","dateModified":"2024-08-07T09:59:33Z"},"rendered":"<meta name=\"parsely-title\" content=\"Job commitment\" \/>\n<meta name=\"parsely-link\" content=\"http:\/\/mitekvietnam.com.vn\/vi\/job-commitment\/\" \/>\n<meta name=\"parsely-type\" content=\"index\" \/>\n<meta name=\"parsely-pub-date\" content=\"2021-10-18T00:21:15Z\" \/>\n<meta name=\"parsely-section\" content=\"Uncategorized\" \/>\n<meta name=\"parsely-author\" content=\"David Cashin\" \/>","tracker_url":"https:\/\/cdn.parsely.com\/keys\/mitekvietnam.com.vn\/p.js"},"ACF":false,"_links":{"self":[{"href":"https:\/\/mitekvietnam.com.vn\/vi\/wp-json\/wp\/v2\/pages\/12","targetHints":{"allow":["GET"]}}],"collection":[{"href":"https:\/\/mitekvietnam.com.vn\/vi\/wp-json\/wp\/v2\/pages"}],"about":[{"href":"https:\/\/mitekvietnam.com.vn\/vi\/wp-json\/wp\/v2\/types\/page"}],"author":[{"embeddable":true,"href":"https:\/\/mitekvietnam.com.vn\/vi\/wp-json\/wp\/v2\/users\/6"}],"replies":[{"embeddable":true,"href":"https:\/\/mitekvietnam.com.vn\/vi\/wp-json\/wp\/v2\/comments?post=12"}],"version-history":[{"count":245,"href":"https:\/\/mitekvietnam.com.vn\/vi\/wp-json\/wp\/v2\/pages\/12\/revisions"}],"predecessor-version":[{"id":1350,"href":"https:\/\/mitekvietnam.com.vn\/vi\/wp-json\/wp\/v2\/pages\/12\/revisions\/1350"}],"wp:attachment":[{"href":"https:\/\/mitekvietnam.com.vn\/vi\/wp-json\/wp\/v2\/media?parent=12"}],"curies":[{"name":"wp","href":"https:\/\/api.w.org\/{rel}","templated":true}]}}