{"id":109,"date":"2021-10-18T03:02:05","date_gmt":"2021-10-18T03:02:05","guid":{"rendered":"https:\/\/mitekvietnam.com.vn\/?page_id=109"},"modified":"2021-12-23T17:47:51","modified_gmt":"2021-12-23T17:47:51","slug":"mitek-code-of-conduct","status":"publish","type":"page","link":"https:\/\/mitekvietnam.com.vn\/vi\/mitek-code-of-conduct\/","title":{"rendered":"B\u1ed9 Quy T\u1eafc \u1ee8ng X\u1eed MiTek"},"content":{"rendered":"<div class=\"wp-block-columns background-color-dark-blue  has-dark-blue-background-color has-background no-margin full-width is-layout-flex wp-container-core-columns-is-layout-9d6595d7 wp-block-columns-is-layout-flex\">\n<div class=\"wp-block-column  has-dark-blue-background-color has-background background-color-dark-blue is-layout-flow wp-block-column-is-layout-flow\" style=\"flex-basis:50px\"><\/div>\n\n\n\n<div class=\"wp-block-column  has-dark-blue-background-color has-background background-color-dark-blue is-layout-flow wp-block-column-is-layout-flow\">\n<p><\/p>\n\n\n\n<h2 class=\"has-text-align-center wp-block-heading\"><span class=\"has-inline-color has-white-color\">B\u1ed8 QUY T\u1eaeC \u1ee8NG X\u1eec V\u1ec0 QU\u00c0 T\u1eb6NG, KHO\u1ea2N H\u1ed0I L\u1ed8<br>V\u00c0 XUNG \u0110\u1ed8T L\u1ee2I \u00cdCH (T\u1ea4T C\u1ea2 C\u00c1C QU\u1ed0C GIA)<\/span><\/h2>\n\n\n\n<p><\/p>\n<\/div>\n\n\n\n<div class=\"wp-block-column  has-dark-blue-background-color has-background background-color-dark-blue is-layout-flow wp-block-column-is-layout-flow\" style=\"flex-basis:50px\"><\/div>\n<\/div>\n\n\n\n<div class=\"wp-block-columns is-layout-flex wp-container-core-columns-is-layout-9d6595d7 wp-block-columns-is-layout-flex\">\n<div class=\"wp-block-column   padded is-layout-flow wp-block-column-is-layout-flow\">\n<div class=\"wp-block-columns is-layout-flex wp-container-core-columns-is-layout-9d6595d7 wp-block-columns-is-layout-flex\">\n<div class=\"wp-block-column is-layout-flow wp-block-column-is-layout-flow\">\n<p>Ch\u00ednh s\u00e1ch c\u1ee7a T\u1eadp \u0111o\u00e0n MiTek nghi\u00eam c\u1ea5m tuy\u1ec7t \u0111\u1ed1i b\u1ea5t k\u1ef3 nh\u00e2n vi\u00ean ho\u1eb7c ng\u01b0\u1eddi lao \u0111\u1ed9ng n\u00e0o c\u1ee7a C\u00f4ng ty MiTek Industries, Inc., ho\u1eb7c b\u1ea5t k\u1ef3 c\u00f4ng ty con ho\u1eb7c chi nh\u00e1nh n\u00e0o c\u1ee7a m\u00ecnh (g\u1ecdi ri\u00eang v\u00e0 g\u1ecdi chung l\u00e0 \u201cC\u00f4ng ty\u201d):<\/p>\n<\/div>\n<\/div>\n\n\n\n<div class=\"wp-block-columns is-layout-flex wp-container-core-columns-is-layout-9d6595d7 wp-block-columns-is-layout-flex\">\n<div class=\"wp-block-column is-layout-flow wp-block-column-is-layout-flow\" style=\"flex-basis:50px\">\n<p>A.<\/p>\n<\/div>\n\n\n\n<div class=\"wp-block-column is-layout-flow wp-block-column-is-layout-flow\">\n<p class=\"has-text-align-justify\">Tr\u1ef1c ti\u1ebfp ho\u1eb7c th\u00f4ng qua b\u1ea5t k\u1ef3 th\u00e0nh vi\u00ean n\u00e0o trong gia \u0111\u00ecnh nh\u1eadn b\u1ea5t k\u1ef3 m\u00f3n qu\u00e0 n\u00e0o c\u00f3 gi\u00e1 tr\u1ecb h\u01a1n gi\u00e1 tr\u1ecb danh ngh\u0129a, b\u1ea5t k\u1ef3 kho\u1ea3n vay, d\u1ecbch v\u1ee5, kho\u1ea3n thanh to\u00e1n, ti\u1ec1n, s\u1ef1 ti\u1ebfp \u0111\u00e3i qu\u00e1 m\u1ee9c, k\u1ef3 ngh\u1ec9, chuy\u1ebfn du l\u1ecbch ho\u1eb7c \u01b0u \u0111\u00e3i khuy\u1ebfn m\u1ea1i b\u1ea5t th\u01b0\u1eddng t\u1eeb b\u1ea5t k\u1ef3 c\u00e1 nh\u00e2n ho\u1eb7c t\u1ed5 ch\u1ee9c n\u00e0o l\u00e0 \u0111\u1ed1i th\u1ee7 c\u1ea1nh tranh ho\u1eb7c \u0111ang t\u00ecm c\u00e1ch \u0111\u1ec3 th\u1ef1c hi\u1ec7n vi\u1ec7c kinh doanh v\u1edbi C\u00f4ng ty (nh\u00e0 cung c\u1ea5p v\u00e0 c\u00e1c nh\u00e0 cung c\u1ea5p ti\u1ec1m n\u0103ng ph\u1ea3i \u0111\u01b0\u1ee3c th\u00f4ng b\u00e1o v\u1ec1 ch\u00ednh s\u00e1ch n\u00e0y).<\/p>\n<\/div>\n<\/div>\n\n\n\n<div class=\"wp-block-columns is-layout-flex wp-container-core-columns-is-layout-9d6595d7 wp-block-columns-is-layout-flex\">\n<div class=\"wp-block-column is-layout-flow wp-block-column-is-layout-flow\" style=\"flex-basis:50px\">\n<p>B.<\/p>\n<\/div>\n\n\n\n<div class=\"wp-block-column is-layout-flow wp-block-column-is-layout-flow\">\n<p class=\"has-text-align-justify\">Cung c\u1ea5p b\u1ea5t k\u1ef3 m\u00f3n qu\u00e0 n\u00e0o c\u00f3 gi\u00e1 tr\u1ecb l\u1edbn h\u01a1n gi\u00e1 tr\u1ecb danh ngh\u0129a, b\u1ea5t k\u1ec3 d\u01b0\u1edbi h\u00ecnh th\u1ee9c l\u00e0 ti\u1ec1n, h\u00e0ng ho\u00e1, s\u1ef1 ti\u1ebfp \u0111\u00e3i qu\u00e1 m\u1ee9c, ho\u1eb7c b\u1ea5t c\u1ee9 th\u1ee9 g\u00ec c\u00f3 gi\u00e1 tr\u1ecb cho b\u1ea5t k\u1ef3 c\u00e1 nh\u00e2n ho\u1eb7c t\u1ed5 ch\u1ee9c n\u00e0o m\u00e0 C\u00f4ng ty \u0111ang ho\u1eb7c \u0111ang t\u00ecm c\u00e1ch \u0111\u1ec3 th\u1ef1c hi\u1ec7n vi\u1ec7c kinh doanh (ch\u00ednh s\u00e1ch n\u00e0y ph\u1ea3i \u0111\u01b0\u1ee3c th\u00f4ng b\u00e1o r\u00f5 r\u00e0ng cho t\u1ea5t c\u1ea3 nh\u00e2n vi\u00ean b\u00e1n h\u00e0ng). T\u1ea5t c\u1ea3 c\u00e1c m\u00f3n qu\u00e0 v\u01b0\u1ee3t qu\u00e1 gi\u00e1 tr\u1ecb danh ngh\u0129a, ph\u1ea3i \u0111\u01b0\u1ee3c s\u1ef1 ch\u1ea5p thu\u1eadn c\u1ee7a Gi\u00e1m \u0111\u1ed1c T\u00e0i ch\u00ednh c\u1ee7a C\u00f4ng ty MiTek Industries, Inc.<\/p>\n<\/div>\n<\/div>\n\n\n\n<div class=\"wp-block-columns is-layout-flex wp-container-core-columns-is-layout-9d6595d7 wp-block-columns-is-layout-flex\">\n<div class=\"wp-block-column is-layout-flow wp-block-column-is-layout-flow\" style=\"flex-basis:50px\">\n<p>C.<\/p>\n<\/div>\n\n\n\n<div class=\"wp-block-column is-layout-flow wp-block-column-is-layout-flow\">\n<p>Cung c\u1ea5p b\u1ea5t k\u1ef3 m\u00f3n qu\u00e0, kho\u1ea3n h\u1ed1i l\u1ed9, s\u1ef1 gi\u1ea3m gi\u00e1 ho\u1eb7c s\u1ef1 ho\u00e0n l\u1ea1i n\u00e0o cho b\u1ea5t k\u1ef3 quan ch\u1ee9c ch\u00ednh ph\u1ee7 ho\u1eb7c t\u1ed5 ch\u1ee9c n\u00e0o c\u00f3 th\u1ec3 \u1ea3nh h\u01b0\u1edfng \u0111\u1ebfn vi\u1ec7c th\u1ef1c hi\u1ec7n ho\u1eb7c s\u1ef1 th\u00e0nh c\u00f4ng c\u1ee7a b\u1ea5t k\u1ef3 ph\u1ea7n n\u00e0o trong ho\u1ea1t \u0111\u1ed9ng kinh doanh c\u1ee7a C\u00f4ng ty.<\/p>\n<\/div>\n<\/div>\n\n\n\n<div class=\"wp-block-columns is-layout-flex wp-container-core-columns-is-layout-9d6595d7 wp-block-columns-is-layout-flex\">\n<div class=\"wp-block-column is-layout-flow wp-block-column-is-layout-flow\" style=\"flex-basis:50px\">\n<p>D.<\/p>\n<\/div>\n\n\n\n<div class=\"wp-block-column is-layout-flow wp-block-column-is-layout-flow\">\n<p class=\"has-text-align-justify\">Th\u1ef1c hi\u1ec7n b\u1ea5t k\u1ef3 d\u1ecbch v\u1ee5 n\u00e0o v\u1edbi t\u01b0 c\u00e1ch l\u00e0 m\u1ed9t nh\u00e2n vi\u00ean, gi\u00e1m \u0111\u1ed1c, ng\u01b0\u1eddi lao \u0111\u1ed9ng ho\u1eb7c nh\u00e0 t\u01b0 v\u1ea5n cho b\u1ea5t k\u1ef3 c\u00e1 nh\u00e2n ho\u1eb7c t\u1ed5 ch\u1ee9c n\u00e0o l\u00e0 \u0111\u1ed1i th\u1ee7 c\u1ea1nh tranh c\u1ee7a, ho\u1eb7c \u0111ang t\u00ecm c\u00e1ch \u0111\u1ec3 th\u1ef1c hi\u1ec7n vi\u1ec7c kinh doanh, v\u1edbi C\u00f4ng ty, ngo\u1ea1i tr\u1eeb tr\u01b0\u1eddng h\u1ee3p \u0111\u01b0\u1ee3c Gi\u00e1m \u0111\u1ed1c \u0110i\u1ec1u h\u00e0nh C\u00f4ng ty MiTek Industries bi\u1ebft v\u00e0 ch\u1ea5p thu\u1eadn tr\u01b0\u1edbc b\u1eb1ng v\u0103n b\u1ea3n.<\/p>\n<\/div>\n<\/div>\n\n\n\n<div class=\"wp-block-columns is-layout-flex wp-container-core-columns-is-layout-9d6595d7 wp-block-columns-is-layout-flex\">\n<div class=\"wp-block-column is-layout-flow wp-block-column-is-layout-flow\" style=\"flex-basis:50px\">\n<p>E.<\/p>\n<\/div>\n\n\n\n<div class=\"wp-block-column is-layout-flow wp-block-column-is-layout-flow\">\n<p class=\"has-text-align-justify\">Mua ho\u1eb7c thu\u00ea h\u00e0ng ho\u00e1 ho\u1eb7c thi\u1ebft b\u1ecb tr\u00ean danh ngh\u0129a C\u00f4ng ty t\u1eeb ng\u01b0\u1eddi quen m\u00e0 h\u1ecd c\u00f3 li\u00ean quan, ho\u1eb7c t\u1ed5 ch\u1ee9c m\u00e0 h\u1ecd c\u00f3 l\u1ee3i \u00edch \u0111\u00e1ng k\u1ec3, ho\u1eb7c th\u1ef1c hi\u1ec7n b\u1ea5t k\u1ef3 giao d\u1ecbch mua ho\u1eb7c thu\u00ea tr\u1eeb tr\u01b0\u1eddng h\u1ee3p h\u1ecd \u0111\u00e3 tham gia \u0111\u1ea5u th\u1ea7u c\u1ea1nh tranh ho\u1eb7c \u0111\u1ecbnh gi\u00e1 h\u00e0ng h\u00f3a ho\u1eb7c thi\u1ebft b\u1ecb t\u1eeb c\u00e1c b\u00ean th\u1ee9 ba v\u00e0 c\u00f3 k\u1ebft qu\u1ea3 ph\u00e2n t\u00edch \u0111\u01b0\u1ee3c ch\u1ea5p thu\u1eadn b\u1edfi Gi\u00e1m \u0111\u1ed1c T\u00e0i ch\u00ednh c\u1ee7a C\u00f4ng ty MiTek Industries, Inc.<\/p>\n<\/div>\n<\/div>\n\n\n\n<div class=\"wp-block-columns is-layout-flex wp-container-core-columns-is-layout-9d6595d7 wp-block-columns-is-layout-flex\">\n<div class=\"wp-block-column is-layout-flow wp-block-column-is-layout-flow\" style=\"flex-basis:50px\">\n<p>F.<\/p>\n<\/div>\n\n\n\n<div class=\"wp-block-column is-layout-flow wp-block-column-is-layout-flow\">\n<p class=\"has-text-align-justify\">S\u1edf h\u1eefu tr\u1ef1c ti\u1ebfp ho\u1eb7c gi\u00e1n ti\u1ebfp m\u1ed9t l\u1ee3i \u00edch t\u00e0i ch\u00ednh trong m\u1ed9t t\u1ed5 ch\u1ee9c l\u00e0 \u0111\u1ed1i th\u1ee7 c\u1ea1nh tranh ho\u1eb7c \u0111ang t\u00ecm c\u00e1ch kinh doanh v\u1edbi C\u00f4ng ty, m\u00e0 kh\u00f4ng c\u00f3 ho\u1eb7c v\u01b0\u1ee3t qu\u00e1 s\u1ef1 ch\u1ea5p thu\u1eadn tr\u01b0\u1edbc b\u1eb1ng v\u0103n b\u1ea3n c\u1ee7a Gi\u00e1m \u0111\u1ed1c \u0110i\u1ec1u h\u00e0nh c\u1ee7a C\u00f4ng ty MiTek Industries, Inc.<\/p>\n<\/div>\n<\/div>\n\n\n\n<div class=\"wp-block-columns is-layout-flex wp-container-core-columns-is-layout-9d6595d7 wp-block-columns-is-layout-flex\">\n<div class=\"wp-block-column is-layout-flow wp-block-column-is-layout-flow\" style=\"flex-basis:50px\">\n<p>G.<\/p>\n<\/div>\n\n\n\n<div class=\"wp-block-column is-layout-flow wp-block-column-is-layout-flow\">\n<p>\u0110\u1ea1t \u0111\u01b0\u1ee3c l\u1ee3i \u00edch trong b\u1ea5t k\u1ef3 t\u1ed5 ch\u1ee9c ho\u1eb7c t\u00e0i s\u1ea3n m\u00e0 h\u1ecd bi\u1ebft l\u00e0 C\u00f4ng ty \u0111ang l\u01b0u \u00fd v\u1ec1 vi\u1ec7c \u0111\u1ea1t \u0111\u01b0\u1ee3c.<\/p>\n<\/div>\n<\/div>\n\n\n\n<div class=\"wp-block-columns is-layout-flex wp-container-core-columns-is-layout-9d6595d7 wp-block-columns-is-layout-flex\">\n<div class=\"wp-block-column is-layout-flow wp-block-column-is-layout-flow\" style=\"flex-basis:50px\">\n<p>H.<\/p>\n<\/div>\n\n\n\n<div class=\"wp-block-column is-layout-flow wp-block-column-is-layout-flow\">\n<p>C\u1ea1nh tranh v\u1edbi C\u00f4ng ty trong c\u00e1c s\u1ea3n ph\u1ea9m, t\u00e0i s\u1ea3n ho\u1eb7c d\u1ecbch v\u1ee5 \u0111\u01b0\u1ee3c b\u00e1n, mua, ho\u1eb7c thu\u00ea b\u1edfi C\u00f4ng ty.<\/p>\n<\/div>\n<\/div>\n\n\n\n<div class=\"wp-block-columns is-layout-flex wp-container-core-columns-is-layout-9d6595d7 wp-block-columns-is-layout-flex\">\n<div class=\"wp-block-column is-layout-flow wp-block-column-is-layout-flow\" style=\"flex-basis:50px\">\n<p>I.<\/p>\n<\/div>\n\n\n\n<div class=\"wp-block-column is-layout-flow wp-block-column-is-layout-flow\">\n<p class=\"has-text-align-justify\">Mua ho\u1eb7c b\u00e1n b\u1ea5t k\u1ef3 quy\u1ec1n h\u01b0\u1edfng l\u1ee3i t\u1ee9c, c\u1ed5 t\u1ee9c ph\u00e1t sinh t\u1eeb ch\u1ee9ng kho\u00e1n c\u1ee7a C\u00f4ng ty ho\u1eb7c b\u1ea5t k\u1ef3 c\u00f4ng ty n\u00e0o kh\u00e1c tr\u00ean c\u01a1 s\u1edf th\u00f4ng tin n\u1ed9i b\u1ed9 nh\u1eadn \u0111\u01b0\u1ee3c th\u00f4ng qua li\u00ean l\u1ea1c v\u1edbi m\u1ed9t c\u00f4ng ty, h\u1ed3 s\u01a1 hay nh\u00e2n s\u1ef1 c\u1ee7a c\u00f4ng ty n\u00e0y.<\/p>\n<\/div>\n<\/div>\n\n\n\n<div class=\"wp-block-columns is-layout-flex wp-container-core-columns-is-layout-9d6595d7 wp-block-columns-is-layout-flex\">\n<div class=\"wp-block-column is-layout-flow wp-block-column-is-layout-flow\" style=\"flex-basis:50px\">\n<p>J.<\/p>\n<\/div>\n\n\n\n<div class=\"wp-block-column is-layout-flow wp-block-column-is-layout-flow\">\n<p>S\u1eed d\u1ee5ng ho\u1eb7c ti\u1ebft l\u1ed9 cho m\u1ed9t b\u00ean th\u1ee9 ba b\u1ea5t k\u1ef3 th\u00f4ng tin b\u00ed m\u1eadt n\u00e0o c\u00f3 th\u1ec3 g\u00e2y thi\u1ec7t h\u1ea1i \u0111\u1ebfn l\u1ee3i \u00edch c\u1ee7a C\u00f4ng ty khi kh\u00f4ng \u0111\u01b0\u1ee3c cho ph\u00e9p ph\u00f9 h\u1ee3p.<\/p>\n<\/div>\n<\/div>\n\n\n\n<div class=\"wp-block-columns is-layout-flex wp-container-core-columns-is-layout-9d6595d7 wp-block-columns-is-layout-flex\">\n<div class=\"wp-block-column is-layout-flow wp-block-column-is-layout-flow\" style=\"flex-basis:50px\">\n<p>K.<\/p>\n<\/div>\n\n\n\n<div class=\"wp-block-column is-layout-flow wp-block-column-is-layout-flow\">\n<p>S\u1eed d\u1ee5ng qu\u1ef9 c\u1ee7a C\u00f4ng ty tr\u1ef1c ti\u1ebfp ho\u1eb7c gi\u00e1n ti\u1ebfp cho c\u00e1c kho\u1ea3n \u0111\u00f3ng g\u00f3p chi\u1ebfn d\u1ecbch b\u1ea5t h\u1ee3p ph\u00e1p ho\u1eb7c c\u00e1c m\u1ee5c \u0111\u00edch ch\u00ednh tr\u1ecb kh\u00e1c.<\/p>\n<\/div>\n<\/div>\n\n\n\n<div class=\"wp-block-columns is-layout-flex wp-container-core-columns-is-layout-9d6595d7 wp-block-columns-is-layout-flex\">\n<div class=\"wp-block-column is-layout-flow wp-block-column-is-layout-flow\">\n<p><strong>C\u1ed1 \u00fd vi ph\u1ea1m ch\u00ednh s\u00e1ch n\u00e0y c\u00f3 th\u1ec3 d\u1eabn \u0111\u1ebfn s\u1ef1 k\u1ef7 lu\u1eadt nghi\u00eam kh\u1eafc bao g\u1ed3m c\u1ea3 vi\u1ec7c sa th\u1ea3i.<\/strong><\/p>\n\n\n\n<p>Nh\u00e2n vi\u00ean v\u00e0 ng\u01b0\u1eddi lao \u0111\u1ed9ng c\u1ee7a C\u00f4ng ty s\u1ebd k\u00fd m\u1ed7i n\u0103m \u0111\u1ed1i v\u1edbi b\u1ea3n tuy\u00ean b\u1ed1 Xung \u0111\u1ed9t l\u1ee3i \u00edch th\u1eeba nh\u1eadn s\u1ef1 hi\u1ec3u bi\u1ebft c\u1ee7a h\u1ecd v\u1ec1 ch\u00ednh s\u00e1ch n\u00e0y v\u00e0 v\u1ea1ch tr\u1ea7n c\u00e1c xung \u0111\u1ed9t l\u1ee3i \u00edch ti\u1ec1m \u1ea9n h\u00e0ng n\u0103m.<\/p>\n<\/div>\n<\/div>\n\n\n\n<div class=\"wp-block-columns is-layout-flex wp-container-core-columns-is-layout-9d6595d7 wp-block-columns-is-layout-flex\">\n<div class=\"wp-block-column is-layout-flow wp-block-column-is-layout-flow\">\n<h4 class=\"has-text-align-center wp-block-heading\">B\u1ed8 QUY T\u1eaeC \u1ee8NG X\u1eec T\u1eacP \u0110O\u00c0N MITEK V\u1ec0 QU\u00c0 T\u1eb6NG, KHO\u1ea2N H\u1ed0I L\u1ed8 V\u00c0 XUNG \u0110\u1ed8T L\u1ee2I \u00cdCH<br>(T\u1ea4T C\u1ea2 C\u00c1C QU\u1ed0C GIA)<\/h4>\n<\/div>\n<\/div>\n\n\n\n<div class=\"wp-block-columns is-layout-flex wp-container-core-columns-is-layout-9d6595d7 wp-block-columns-is-layout-flex\">\n<div class=\"wp-block-column is-layout-flow wp-block-column-is-layout-flow\">\n<ul class=\"wp-block-list\"><li>V\u0103n b\u1ea3n x\u00e1c nh\u1eadn ph\u1ea3i \u0111\u01b0\u1ee3c \u0111i\u1ec1n \u0111\u1ea7y \u0111\u1ee7.<\/li><\/ul>\n\n\n\n<ul class=\"wp-block-list\"><li>Ho\u00e0n tr\u1ea3 V\u0103n b\u1ea3n x\u00e1c nh\u1eadn cho \u0111\u1ea1i di\u1ec7n Nh\u00e2n s\u1ef1 t\u1ea1i \u0111\u1ecba ph\u01b0\u01a1ng.<\/li><\/ul>\n<\/div>\n<\/div>\n\n\n\n<div class=\"wp-block-columns is-layout-flex wp-container-core-columns-is-layout-9d6595d7 wp-block-columns-is-layout-flex\">\n<div class=\"wp-block-column is-layout-flow wp-block-column-is-layout-flow\">\n<h4 class=\"has-text-align-center wp-block-heading\">V\u0102N B\u1ea2N X\u00c1C NH\u1eacN V\u1ec0 VI\u1ec6C TI\u1ebeP NH\u1eacN V\u00c0 XEM X\u00c9T<\/h4>\n\n\n\n<p>T\u00f4i th\u1eeba nh\u1eadn \u0111\u00e3 \u0111\u1ecdc B\u1ed9 Quy t\u1eafc \u1ee8ng x\u1eed T\u1eadp \u0111o\u00e0n MiTek v\u1ec1 Qu\u00e0 t\u1eb7ng, Ti\u1ec1n h\u1ed1i l\u1ed9 v\u00e0 Xung \u0111\u1ed9t l\u1ee3i \u00edch \u0111\u00ednh k\u00e8m.<\/p>\n\n\n\n<p>Ngo\u1ea1i tr\u1eeb nh\u1eefng \u0111i\u1ec1u \u0111\u01b0\u1ee3c li\u1ec7t k\u00ea d\u01b0\u1edbi \u0111\u00e2y, t\u00f4i kh\u00f4ng c\u00f3 Xung \u0111\u1ed9t l\u1ee3i \u00edch:<\/p>\n\n\n\n<p><br>T\u00f4i s\u1ebd tu\u00e2n th\u1ee7 c\u00e1c ch\u00ednh s\u00e1ch \u0111\u01b0\u1ee3c m\u00f4 t\u1ea3 trong t\u00e0i li\u1ec7u n\u00e0y v\u00e0 t\u00f4i s\u1ebd c\u1ed1 g\u1eafng h\u1ebft s\u1ee9c \u0111\u1ec3 \u0111\u1ea3m b\u1ea3o nh\u1eefng ng\u01b0\u1eddi m\u00e0 t\u00f4i gi\u00e1m s\u00e1t c\u0169ng tu\u00e2n th\u1ee7 nh\u01b0 v\u1eady.<\/p>\n\n\n\n<p>T\u00f4i hi\u1ec3u vi\u1ec7c kh\u00f4ng tu\u00e2n th\u1ee7 s\u1ebd ph\u1ea3i ch\u1ecbu c\u00e1c ch\u1ebf t\u00e0i nghi\u00eam kh\u1eafc c\u1ee7a C\u00f4ng ty bao g\u1ed3m c\u1ea3 vi\u1ec7c sa th\u1ea3i.<\/p>\n\n\n\n<p>Trong tr\u01b0\u1eddng h\u1ee3p c\u00f3 nghi ng\u1edd ho\u1eb7c th\u1eafc m\u1eafc li\u00ean quan \u0111\u1ebfn c\u00e1c ch\u00ednh s\u00e1ch ho\u1eb7c vi\u1ec7c tu\u00e2n th\u1ee7, t\u00f4i s\u1ebd nhanh ch\u00f3ng tham kh\u1ea3o \u00fd ki\u1ebfn c\u1ed1 v\u1ea5n ph\u00e1p l\u00fd c\u1ee7a C\u00f4ng ty v\u00e0 qu\u1ea3n l\u00fd c\u1ea5p tr\u00ean c\u1ee7a t\u00f4i.<\/p>\n<\/div>\n<\/div>\n\n\n\n<div class=\"wp-block-columns is-layout-flex wp-container-core-columns-is-layout-9d6595d7 wp-block-columns-is-layout-flex\">\n<div class=\"wp-block-column is-layout-flow wp-block-column-is-layout-flow\" style=\"flex-basis:50px\"><\/div>\n\n\n\n<div class=\"wp-block-column is-layout-flow wp-block-column-is-layout-flow\">\n<p>T\u00f4i \u0111\u00e3 \u0111\u1ecdc v\u00e0 hi\u1ec3u B\u1ed9 Quy t\u1eafc \u1ee8ng x\u1eed n\u00e0y, c\u00f3 c\u01a1 h\u1ed9i \u0111\u01b0\u1ee3c h\u1ecfi v\u00e0 \u0111\u1ed3ng \u00fd tu\u00e2n th\u1ee7 n\u00f3.<\/p>\n<\/div>\n<\/div>\n<\/div>\n<\/div>\n\n\n\n<p><\/p>","protected":false},"excerpt":{"rendered":"<p>CODE OF CONDUCT REGARDING GIFTS, KICKBACKSAND CONFLICTS OF INTERESTS (ALL COUNTRIES) MiTek Group Policy expressly forbids any officer or employee of MiTek Industries, Inc., or any of its subsidiaries or affiliates (singly and collectively, the \u201cCompany\u201d) from: A. Accepting, directly or through any family member, any gift of more than nominal value, any loans, services, [&hellip;]<\/p>","protected":false},"author":5,"featured_media":0,"parent":0,"menu_order":0,"comment_status":"closed","ping_status":"closed","template":"","meta":{"_acf_changed":false,"footnotes":""},"class_list":["post-109","page","type-page","status-publish","hentry"],"acf":[],"parsely":{"version":"1.1.0","canonical_url":"https:\/\/mitekvietnam.com.vn\/vi\/mitek-code-of-conduct\/","smart_links":{"inbound":0,"outbound":0},"traffic_boost_suggestions_count":0,"meta":{"@context":"https:\/\/schema.org","@type":"WebPage","headline":"MiTek Code of Conduct","url":"http:\/\/mitekvietnam.com.vn\/vi\/mitek-code-of-conduct\/","mainEntityOfPage":{"@type":"WebPage","@id":"http:\/\/mitekvietnam.com.vn\/vi\/mitek-code-of-conduct\/"},"thumbnailUrl":"","image":{"@type":"ImageObject","url":""},"articleSection":"Uncategorized","author":[{"@type":"Person","name":"Mark Davies"}],"creator":["Mark Davies"],"publisher":{"@type":"Organization","name":"MiTek Vietnam","logo":"https:\/\/mitekvietnam.com.vn\/wp-content\/uploads\/2023\/04\/cropped-favicon.webp"},"keywords":[],"dateCreated":"2021-10-18T03:02:05Z","datePublished":"2021-10-18T03:02:05Z","dateModified":"2021-12-23T17:47:51Z"},"rendered":"<meta name=\"parsely-title\" content=\"MiTek Code of Conduct\" \/>\n<meta name=\"parsely-link\" content=\"http:\/\/mitekvietnam.com.vn\/vi\/mitek-code-of-conduct\/\" \/>\n<meta name=\"parsely-type\" content=\"index\" \/>\n<meta name=\"parsely-pub-date\" content=\"2021-10-18T03:02:05Z\" \/>\n<meta name=\"parsely-section\" content=\"Uncategorized\" \/>\n<meta name=\"parsely-author\" content=\"Mark Davies\" \/>","tracker_url":"https:\/\/cdn.parsely.com\/keys\/mitekvietnam.com.vn\/p.js"},"ACF":false,"_links":{"self":[{"href":"https:\/\/mitekvietnam.com.vn\/vi\/wp-json\/wp\/v2\/pages\/109","targetHints":{"allow":["GET"]}}],"collection":[{"href":"https:\/\/mitekvietnam.com.vn\/vi\/wp-json\/wp\/v2\/pages"}],"about":[{"href":"https:\/\/mitekvietnam.com.vn\/vi\/wp-json\/wp\/v2\/types\/page"}],"author":[{"embeddable":true,"href":"https:\/\/mitekvietnam.com.vn\/vi\/wp-json\/wp\/v2\/users\/5"}],"replies":[{"embeddable":true,"href":"https:\/\/mitekvietnam.com.vn\/vi\/wp-json\/wp\/v2\/comments?post=109"}],"version-history":[{"count":12,"href":"https:\/\/mitekvietnam.com.vn\/vi\/wp-json\/wp\/v2\/pages\/109\/revisions"}],"predecessor-version":[{"id":1031,"href":"https:\/\/mitekvietnam.com.vn\/vi\/wp-json\/wp\/v2\/pages\/109\/revisions\/1031"}],"wp:attachment":[{"href":"https:\/\/mitekvietnam.com.vn\/vi\/wp-json\/wp\/v2\/media?parent=109"}],"curies":[{"name":"wp","href":"https:\/\/api.w.org\/{rel}","templated":true}]}}